{"id":393,"date":"2021-06-16T10:24:48","date_gmt":"2021-06-16T10:24:48","guid":{"rendered":"https:\/\/stichtingdezorghulp.nl\/?page_id=393"},"modified":"2026-05-12T14:13:27","modified_gmt":"2026-05-12T14:13:27","slug":"financiele-structuur","status":"publish","type":"page","link":"https:\/\/stichtingdezorghulp.nl\/index.php\/financiele-structuur\/","title":{"rendered":"Financi\u00eble structuur"},"content":{"rendered":"\t\t<div data-elementor-type=\"wp-page\" data-elementor-id=\"393\" class=\"elementor elementor-393\" data-elementor-settings=\"[]\">\n\t\t\t\t\t\t<div class=\"elementor-inner\">\n\t\t\t\t\t\t\t<div class=\"elementor-section-wrap\">\n\t\t\t\t\t\t\t<section class=\"elementor-section elementor-top-section elementor-element elementor-element-4542c1c7 elementor-section-content-middle envato-kit-141-top-0 elementor-section-boxed elementor-section-height-default elementor-section-height-default\" data-id=\"4542c1c7\" data-element_type=\"section\" data-settings=\"{&quot;background_background&quot;:&quot;classic&quot;}\">\n\t\t\t\t\t\t\t<div class=\"elementor-background-overlay\"><\/div>\n\t\t\t\t\t\t\t<div class=\"elementor-container elementor-column-gap-wide\">\n\t\t\t\t\t\t\t<div class=\"elementor-row\">\n\t\t\t\t\t<div class=\"elementor-column elementor-col-100 elementor-top-column elementor-element elementor-element-7031be9f\" data-id=\"7031be9f\" data-element_type=\"column\">\n\t\t\t<div class=\"elementor-column-wrap elementor-element-populated\">\n\t\t\t\t\t\t\t<div class=\"elementor-widget-wrap\">\n\t\t\t\t\t\t<div class=\"elementor-element elementor-element-52007399 elementor-invisible elementor-widget elementor-widget-heading\" data-id=\"52007399\" data-element_type=\"widget\" data-settings=\"{&quot;_animation&quot;:&quot;fadeIn&quot;,&quot;_animation_delay&quot;:50}\" data-widget_type=\"heading.default\">\n\t\t\t\t<div class=\"elementor-widget-container\">\n\t\t\t<h6 class=\"elementor-heading-title elementor-size-default\">Stichting de Zorghulp<\/h6>\t\t<\/div>\n\t\t\t\t<\/div>\n\t\t\t\t<div class=\"elementor-element elementor-element-2eae197c elementor-invisible elementor-widget elementor-widget-heading\" data-id=\"2eae197c\" data-element_type=\"widget\" data-settings=\"{&quot;_animation&quot;:&quot;fadeIn&quot;,&quot;_animation_delay&quot;:100}\" data-widget_type=\"heading.default\">\n\t\t\t\t<div class=\"elementor-widget-container\">\n\t\t\t<h2 class=\"elementor-heading-title elementor-size-default\">WLZ en PGB, hoe werkt dat?<\/h2>\t\t<\/div>\n\t\t\t\t<\/div>\n\t\t\t\t<div class=\"elementor-element elementor-element-35b39342 elementor-widget-divider--view-line elementor-invisible elementor-widget elementor-widget-divider\" data-id=\"35b39342\" data-element_type=\"widget\" data-settings=\"{&quot;_animation&quot;:&quot;fadeIn&quot;,&quot;_animation_delay&quot;:300}\" data-widget_type=\"divider.default\">\n\t\t\t\t<div class=\"elementor-widget-container\">\n\t\t\t\t\t<div class=\"elementor-divider\">\n\t\t\t<span class=\"elementor-divider-separator\">\n\t\t\t\t\t\t<\/span>\n\t\t<\/div>\n\t\t\t\t<\/div>\n\t\t\t\t<\/div>\n\t\t\t\t<section class=\"elementor-section elementor-inner-section elementor-element elementor-element-7958194f elementor-section-boxed elementor-section-height-default elementor-section-height-default\" data-id=\"7958194f\" data-element_type=\"section\">\n\t\t\t\t\t\t<div class=\"elementor-container elementor-column-gap-no\">\n\t\t\t\t\t\t\t<div class=\"elementor-row\">\n\t\t\t\t\t<div class=\"elementor-column elementor-col-100 elementor-inner-column elementor-element elementor-element-5514ec59\" data-id=\"5514ec59\" data-element_type=\"column\">\n\t\t\t<div class=\"elementor-column-wrap elementor-element-populated\">\n\t\t\t\t\t\t\t<div class=\"elementor-widget-wrap\">\n\t\t\t\t\t\t<div class=\"elementor-element elementor-element-55f2fcd9 elementor-widget elementor-widget-text-editor\" data-id=\"55f2fcd9\" data-element_type=\"widget\" data-widget_type=\"text-editor.default\">\n\t\t\t\t<div class=\"elementor-widget-container\">\n\t\t\t\t\t\t\t\t<div class=\"elementor-text-editor elementor-clearfix\">\n\t\t\t\t\t<p>De Wet langdurige zorg (WLZ) is bedoeld voor mensen die permanent intensieve zorg of toezicht nodig hebben. Denk hierbij aan ouderen met vergevorderde dementie, mensen met een ernstige lichamelijke beperking of cli\u00ebnten met een verstandelijke beperking die dag en nacht ondersteuning nodig hebben. De WLZ biedt zekerheid, continu\u00efteit en passende zorg voor mensen die niet meer zelfstandig kunnen functioneren zonder intensieve begeleiding.<\/p><p>Binnen de WLZ werkt Stichting De Zorghulp met persoonlijke zorgplannen. Samen met ons, de cli\u00ebnt, familieleden en eventueel uw mantelzorgmakelaar of clientondersteuner wordt bekeken welke ondersteuning nodig is. Dit kan bestaan uit persoonlijke verzorging, begeleiding, het huishouden en ondersteuning bij dagelijkse activiteiten. De zorg wordt afgestemd op het ritme en de behoeften van de cli\u00ebnt, zodat kwaliteit van leven centraal blijft staan. Wij monitoren en werken samen met de familie of vertegenwoordiger van de client in ons eigen zorgportaal op een veilige wijze en hebben uw gegevens dus altijd actueel. \u00a0<\/p><p>Vanwege mogelijke belangenverstrengeling voert Stichting De Zorghulp zelf geen aanvraag voor een WLZ-indicatie uit. De aanvraag van een WLZ-indicatie moet altijd objectief en onafhankelijk plaatsvinden, zodat de belangen van de cli\u00ebnt volledig voorop blijven staan. Om die reden adviseert Stichting de Zorghulp cli\u00ebnten en hun naasten altijd om hiervoor een onafhankelijke mantelzorgmakelaar of cli\u00ebntondersteuner in te schakelen.<\/p><p>De thuiszorg van Stichting de Zorghulp wordt vanuit de WLZ 100% vergoed vanuit\u00a0\u00a0\u00a0\u00a0\u00a0\u00a0\u00a0\u00a0 WLZ indicatie 5VV en hoger. Wij zorgen ervoor dat er altijd budget over blijft zodat u aanvullende of vervangende zorg kunt blijven regelen. Wilt u meer weten over de vergoedingen vanuit de WLZ ? Neem een kijkje op de website van Per Saldo via <a href=\"http:\/\/www.pgb.nl\">www.pgb.nl<\/a><\/p><p>Zodra de WLZ is toegekend gaan we over tot de aanvraag van het Persoonsgebonden Budget (PGB)<\/p><p>Wij adviseren altijd om bij dit soort trajecten extra hulp te vragen bij de eerder genoemde mantelzorgmakelaar of onafhankelijk clientondersteuner. U gaat nu zelf de regie voeren over uw eigen zorg en het budget beheren wat u van de overheid krijgt om uw zorg in te kopen. De aanvraag voor het PGB stuurt u samen met uw budgetplan naar het zorgkantoor en na hun goedkeuring kunnen wij de zorg gaan starten. (onder bepaalde voorwaarden kunnen wij ook eerder starten indien de nood hoog is)<\/p><p>Stichting de Zorghulp streeft altijd zoveel mogelijk naar transparantie en hanteert het liefst een vast maandbedrag. Dit doen wij tegen het informele zorgtarief.<\/p><p>\u00a0<\/p><p>Stichting de Zorghulp werkt vervolgens samen met u in het PGB-portaal van de Sociale Verzekeringsbank (SVB) Dit is voor zowel u als ons een veilige en fijne manier van werken zonder veel administratie. U kunt veel informatie hierover terug vinden op de website van de SVB bank <a href=\"http:\/\/www.svb.nl\">www.svb.nl<\/a> en tevens op <a href=\"http:\/\/www.mijn-pgb.nl\">www.mijn-pgb.nl<\/a><\/p>\t\t\t\t\t<\/div>\n\t\t\t\t\t\t<\/div>\n\t\t\t\t<\/div>\n\t\t\t\t\t\t<\/div>\n\t\t\t\t\t<\/div>\n\t\t<\/div>\n\t\t\t\t\t\t\t\t<\/div>\n\t\t\t\t\t<\/div>\n\t\t<\/section>\n\t\t\t\t\t\t<\/div>\n\t\t\t\t\t<\/div>\n\t\t<\/div>\n\t\t\t\t\t\t\t\t<\/div>\n\t\t\t\t\t<\/div>\n\t\t<\/section>\n\t\t\t\t\t\t<\/div>\n\t\t\t\t\t\t<\/div>\n\t\t\t\t\t<\/div>\n\t\t","protected":false},"excerpt":{"rendered":"<p>Stichting de Zorghulp WLZ en PGB, hoe werkt dat? De Wet langdurige zorg (WLZ) is bedoeld voor mensen die permanent intensieve zorg of toezicht nodig hebben. Denk hierbij aan ouderen met vergevorderde dementie, mensen met een ernstige lichamelijke beperking of cli\u00ebnten met een verstandelijke beperking die dag en nacht ondersteuning nodig hebben. De WLZ biedt [&hellip;]<\/p>\n","protected":false},"author":1,"featured_media":0,"parent":0,"menu_order":0,"comment_status":"closed","ping_status":"closed","template":"","meta":[],"_links":{"self":[{"href":"https:\/\/stichtingdezorghulp.nl\/index.php\/wp-json\/wp\/v2\/pages\/393"}],"collection":[{"href":"https:\/\/stichtingdezorghulp.nl\/index.php\/wp-json\/wp\/v2\/pages"}],"about":[{"href":"https:\/\/stichtingdezorghulp.nl\/index.php\/wp-json\/wp\/v2\/types\/page"}],"author":[{"embeddable":true,"href":"https:\/\/stichtingdezorghulp.nl\/index.php\/wp-json\/wp\/v2\/users\/1"}],"replies":[{"embeddable":true,"href":"https:\/\/stichtingdezorghulp.nl\/index.php\/wp-json\/wp\/v2\/comments?post=393"}],"version-history":[{"count":19,"href":"https:\/\/stichtingdezorghulp.nl\/index.php\/wp-json\/wp\/v2\/pages\/393\/revisions"}],"predecessor-version":[{"id":929,"href":"https:\/\/stichtingdezorghulp.nl\/index.php\/wp-json\/wp\/v2\/pages\/393\/revisions\/929"}],"wp:attachment":[{"href":"https:\/\/stichtingdezorghulp.nl\/index.php\/wp-json\/wp\/v2\/media?parent=393"}],"curies":[{"name":"wp","href":"https:\/\/api.w.org\/{rel}","templated":true}]}}