{"id":391,"date":"2021-06-16T10:24:48","date_gmt":"2021-06-16T10:24:48","guid":{"rendered":"https:\/\/stichtingdezorghulp.nl\/?page_id=391"},"modified":"2025-10-02T08:23:58","modified_gmt":"2025-10-02T08:23:58","slug":"de-aupair","status":"publish","type":"page","link":"https:\/\/stichtingdezorghulp.nl\/index.php\/de-aupair\/","title":{"rendered":"De Au pair"},"content":{"rendered":"\t\t<div data-elementor-type=\"wp-page\" data-elementor-id=\"391\" class=\"elementor elementor-391\" data-elementor-settings=\"[]\">\n\t\t\t\t\t\t<div class=\"elementor-inner\">\n\t\t\t\t\t\t\t<div class=\"elementor-section-wrap\">\n\t\t\t\t\t\t\t<section class=\"elementor-section elementor-top-section elementor-element elementor-element-2baf4c1e elementor-section-content-middle envato-kit-141-top-0 elementor-section-boxed elementor-section-height-default elementor-section-height-default\" data-id=\"2baf4c1e\" data-element_type=\"section\" data-settings=\"{&quot;background_background&quot;:&quot;classic&quot;}\">\n\t\t\t\t\t\t\t<div class=\"elementor-background-overlay\"><\/div>\n\t\t\t\t\t\t\t<div class=\"elementor-container elementor-column-gap-wide\">\n\t\t\t\t\t\t\t<div class=\"elementor-row\">\n\t\t\t\t\t<div class=\"elementor-column elementor-col-100 elementor-top-column elementor-element elementor-element-3a9d61ef\" data-id=\"3a9d61ef\" data-element_type=\"column\">\n\t\t\t<div class=\"elementor-column-wrap elementor-element-populated\">\n\t\t\t\t\t\t\t<div class=\"elementor-widget-wrap\">\n\t\t\t\t\t\t<div class=\"elementor-element elementor-element-7d162821 elementor-invisible elementor-widget elementor-widget-heading\" data-id=\"7d162821\" data-element_type=\"widget\" data-settings=\"{&quot;_animation&quot;:&quot;fadeIn&quot;,&quot;_animation_delay&quot;:50}\" data-widget_type=\"heading.default\">\n\t\t\t\t<div class=\"elementor-widget-container\">\n\t\t\t<h6 class=\"elementor-heading-title elementor-size-default\">Stichting de Zorghulp<\/h6>\t\t<\/div>\n\t\t\t\t<\/div>\n\t\t\t\t<div class=\"elementor-element elementor-element-3b972819 elementor-invisible elementor-widget elementor-widget-heading\" data-id=\"3b972819\" data-element_type=\"widget\" data-settings=\"{&quot;_animation&quot;:&quot;fadeIn&quot;,&quot;_animation_delay&quot;:100}\" data-widget_type=\"heading.default\">\n\t\t\t\t<div class=\"elementor-widget-container\">\n\t\t\t<h2 class=\"elementor-heading-title elementor-size-default\">De Au pair <\/h2>\t\t<\/div>\n\t\t\t\t<\/div>\n\t\t\t\t<div class=\"elementor-element elementor-element-5f49ba82 elementor-widget-divider--view-line elementor-invisible elementor-widget elementor-widget-divider\" data-id=\"5f49ba82\" data-element_type=\"widget\" data-settings=\"{&quot;_animation&quot;:&quot;fadeIn&quot;,&quot;_animation_delay&quot;:300}\" data-widget_type=\"divider.default\">\n\t\t\t\t<div class=\"elementor-widget-container\">\n\t\t\t\t\t<div class=\"elementor-divider\">\n\t\t\t<span class=\"elementor-divider-separator\">\n\t\t\t\t\t\t<\/span>\n\t\t<\/div>\n\t\t\t\t<\/div>\n\t\t\t\t<\/div>\n\t\t\t\t<section class=\"elementor-section elementor-inner-section elementor-element elementor-element-4a076d9d elementor-section-boxed elementor-section-height-default elementor-section-height-default\" data-id=\"4a076d9d\" data-element_type=\"section\">\n\t\t\t\t\t\t<div class=\"elementor-container elementor-column-gap-no\">\n\t\t\t\t\t\t\t<div class=\"elementor-row\">\n\t\t\t\t\t<div class=\"elementor-column elementor-col-100 elementor-inner-column elementor-element elementor-element-212b01b8\" data-id=\"212b01b8\" data-element_type=\"column\">\n\t\t\t<div class=\"elementor-column-wrap elementor-element-populated\">\n\t\t\t\t\t\t\t<div class=\"elementor-widget-wrap\">\n\t\t\t\t\t\t<div class=\"elementor-element elementor-element-6810f0a2 elementor-widget elementor-widget-text-editor\" data-id=\"6810f0a2\" data-element_type=\"widget\" data-widget_type=\"text-editor.default\">\n\t\t\t\t<div class=\"elementor-widget-container\">\n\t\t\t\t\t\t\t\t<div class=\"elementor-text-editor elementor-clearfix\">\n\t\t\t\t\t<p>Onze mensen komen in de meeste gevallen uit Slowakije of Tsjechi\u00eb en de meesten hebben een achtergrond in de zorg of in de verpleging. Zeker is dat men in deze landen zorgt met het hart. Men is daar gewend om te zorgen voor familie en vrienden.<\/p>\n<p>Vaak zal de hulp een dame zijn maar we kennen inmiddels ook al een aantal heren binnen onze organisatie. Ook de leeftijden van deze mensen zijn erg verschillend. Ten allertijden zal onze client aangeven wat zijn of haar wensen zijn op dit gebied. De au-pair bepaalt zelf hoe lang hij of zij bij een cli\u00ebnt wil werken. Gemiddeld werkt men tussen de 6 weken en 3 maanden. Als de au-pair vertrekt, zorgen wij voor aansluitende vervanging. Deze mensen mogen geen medische handelingen verrichten, dit laten wij dan ook over aan de Nederlandse thuiszorg. Vaak werken wij dan in een combinatie met andere organisaties. De au pair heeft tijdens zijn of haar verblijf bij de cli\u00ebnt een kamer nodig die is ingericht zodat hij of zij zich even kan terugtrekken op vrije momenten. Wij vragen onze cli\u00ebnten om daarvoor zorg te dragen, alsmede de maaltijdenvoorziening. De kost en inwoning is dus voor de cli\u00ebnt. De vrije momenten zijn wettelijk bepaald, dit moet 16 uur per week zijn en wordt ingepland in overleg met de cli\u00ebnt. Het transport wordt ook door ons geregeld en zijn bij onze service inbegrepen.<\/p>\n<p>Wij monitoren dit alles door regelmatig contact met elkaar te hebben.<\/p>\t\t\t\t\t<\/div>\n\t\t\t\t\t\t<\/div>\n\t\t\t\t<\/div>\n\t\t\t\t\t\t<\/div>\n\t\t\t\t\t<\/div>\n\t\t<\/div>\n\t\t\t\t\t\t\t\t<\/div>\n\t\t\t\t\t<\/div>\n\t\t<\/section>\n\t\t\t\t\t\t<\/div>\n\t\t\t\t\t<\/div>\n\t\t<\/div>\n\t\t\t\t\t\t\t\t<\/div>\n\t\t\t\t\t<\/div>\n\t\t<\/section>\n\t\t\t\t\t\t<\/div>\n\t\t\t\t\t\t<\/div>\n\t\t\t\t\t<\/div>\n\t\t","protected":false},"excerpt":{"rendered":"<p>Stichting de Zorghulp De Au pair Onze mensen komen in de meeste gevallen uit Slowakije of Tsjechi\u00eb en de meesten hebben een achtergrond in de zorg of in de verpleging. Zeker is dat men in deze landen zorgt met het hart. Men is daar gewend om te zorgen voor familie en vrienden. Vaak zal de [&hellip;]<\/p>\n","protected":false},"author":1,"featured_media":0,"parent":0,"menu_order":0,"comment_status":"closed","ping_status":"closed","template":"","meta":[],"_links":{"self":[{"href":"https:\/\/stichtingdezorghulp.nl\/index.php\/wp-json\/wp\/v2\/pages\/391"}],"collection":[{"href":"https:\/\/stichtingdezorghulp.nl\/index.php\/wp-json\/wp\/v2\/pages"}],"about":[{"href":"https:\/\/stichtingdezorghulp.nl\/index.php\/wp-json\/wp\/v2\/types\/page"}],"author":[{"embeddable":true,"href":"https:\/\/stichtingdezorghulp.nl\/index.php\/wp-json\/wp\/v2\/users\/1"}],"replies":[{"embeddable":true,"href":"https:\/\/stichtingdezorghulp.nl\/index.php\/wp-json\/wp\/v2\/comments?post=391"}],"version-history":[{"count":35,"href":"https:\/\/stichtingdezorghulp.nl\/index.php\/wp-json\/wp\/v2\/pages\/391\/revisions"}],"predecessor-version":[{"id":831,"href":"https:\/\/stichtingdezorghulp.nl\/index.php\/wp-json\/wp\/v2\/pages\/391\/revisions\/831"}],"wp:attachment":[{"href":"https:\/\/stichtingdezorghulp.nl\/index.php\/wp-json\/wp\/v2\/media?parent=391"}],"curies":[{"name":"wp","href":"https:\/\/api.w.org\/{rel}","templated":true}]}}